{"id":25,"date":"2019-10-16T07:41:48","date_gmt":"2019-10-16T07:41:48","guid":{"rendered":"https:\/\/lilisol2.mycolligo.com\/?page_id=25"},"modified":"2019-10-16T07:41:49","modified_gmt":"2019-10-16T07:41:49","slug":"agb","status":"publish","type":"page","link":"https:\/\/lilisol2.mycolligo.com\/?page_id=25","title":{"rendered":"AGB"},"content":{"rendered":"\n<style type=\"text\/css\" data-created_by=\"avia_inline_auto\" id=\"style-css-av-av_one_full-1e26125d131ba13f1accaa8241be1528\">\n.flex_column.av-av_one_full-1e26125d131ba13f1accaa8241be1528{\nborder-radius:0px 0px 0px 0px;\npadding:0px 0px 0px 0px;\n}\n<\/style>\n<div  class='flex_column av-av_one_full-1e26125d131ba13f1accaa8241be1528 av_one_full  avia-builder-el-0  avia-builder-el-no-sibling  first flex_column_div av-zero-column-padding  '     ><section  class='av_textblock_section av-k1syvl94-21979e0babda91b5ca5093347371c4b9 '   itemscope=\"itemscope\" itemtype=\"https:\/\/schema.org\/CreativeWork\" ><div class='avia_textblock'  itemprop=\"text\" ><div id=\"wrap_all\">\n<div id=\"av-admin-preview\" class=\"entry-content-wrapper main_color all_colors avia-preview-scale-noscale\">\n<section class=\"av_textblock_section \">\n<div class=\"avia_textblock \">\n<div class=\"post-entry post-entry-type-page post-entry-440\">\n<div class=\"entry-content-wrapper clearfix\">\n<div class=\"flex_column av_one_full flex_column_div av-zero-column-padding first avia-builder-el-0 avia-builder-el-no-sibling \">\n<section class=\"av_textblock_section \">\n<div class=\"avia_textblock \">\n<div class=\"entry-content\">\n<h2>Allgemeine Gesch\u00e4ftsbedingungen<\/h2>\n<h3><\/h3>\n<h3>Celura AG<\/h3>\n<div class=\"item-page\">\n<div class=\"art-post\">\n<div class=\"art-post-body\">\n<div class=\"art-post-inner\">\n<div class=\"art-postcontent\">\n<div class=\"art-article\">\n<h3>1. Geltung der AGB<\/h3>\n<p>Die vorliegenden allgemeinen Gesch\u00e4ftsbedingungen (AGB) gelten f\u00fcr s\u00e4mtliche \u00fcber die Homepage der Firma Celura AG <em> (folgend Celura genannt)<\/em> get\u00e4tigten Warenbestellungen. Massgebend ist die zum Zeitpunkt der Bestellung auf der Homepage publizierte Fassung der AGB.<\/p>\n<p>\u00c4nderungen der AGB sind jederzeit vorbehalten. Im Weiteren gelten \u2013 sofern keine Regelungen in den AGB enthalten sind \u2013 die einschl\u00e4gigen Bestimmungen des Schweizerischen Obligationenrechtes.<\/p>\n<h3>2. Vertragsgebiet<\/h3>\n<p>Im Onlineshop der Firma Celura sind zur Zeit nur Warenlieferungen in der Schweiz und in Europa vorgesehen. Bestellungen aus anderen L\u00e4ndern k\u00f6nnen \u201eleider noch nicht\u201c ber\u00fccksichtigt werden.<\/p>\n<h3>3. Preise<\/h3>\n<p>Das Angebot ist g\u00fcltig, solange der Vorrat reicht. S\u00e4mtliche Preise sind in Schweizer Franken angegeben inkl. der schweizerischen MWSt.. F\u00fcr Auslandsbestellungen kann der Preis und die MWSt. vom angezeigten Preis abweichen. Pro Lieferung berechnet <em>Celura <\/em> dem Kunden, abh\u00e4ngig vom Gewicht der Gesamtbestellung (siehe Ziffer 6. Lieferung) einen Versandkostenanteil. Zus\u00e4tzlich k\u00f6nnen Kosten f\u00fcr Verpackung, Expresszuschl\u00e4ge oder Geb\u00fchren anfallen.<\/p>\n<h3>4. Vertragsabschluss und R\u00fccktritt<\/h3>\n<p>S\u00e4mtliche Angaben zu Waren und Preisen auf der Homepage der Firma <em>Celura <\/em> sind freibleibend und unverbindlich. Mit der Bestellung \u00fcber die Homepage gibt der Kunde ein verbindliches Angebot ab. Die Firma <em>Celura <\/em> best\u00e4tigt die Annahme per E-mail an den Kunden. Erst mit dieser ausdr\u00fccklichen Annahme wird ein Vertrag geschlossen und erh\u00e4lt der Kunde Anspruch auf Lieferung der Ware. Ist die vom Kunden bestellte Ware nicht in der gew\u00fcnschten Menge oder zu dem auf der Homepage angegebenen Preis verf\u00fcgbar, so macht die Firma Celura dem Kunden so rasch wie m\u00f6glich eine entsprechende Mitteilung. In diesem Fall ist der Vertrag erst g\u00fcltig, wenn der Kunde die korrigierte Bestellung wiederum per E-Mail best\u00e4tigt. Bestellungen und Abmachungen per Telefon erlangen nur Geltung, sofern sie schriftlich oder per E-mail best\u00e4tigt werden.<\/p>\n<p>Bei Schreib-, Druck- und Rechenfehlern auf der Homepage ist die Firma <em>Celura <\/em> zum kostenlosen R\u00fccktritt berechtigt.<\/p>\n<h3>5.1 Zahlung<\/h3>\n<p>Die Bezahlung der bestellten Waren kann im Bestellvorgagng gew\u00e4hlt werden. Es werden folgende Zahlungsm\u00f6glichkeiten angeboten:<\/p>\n<ul>\n<li>per Rechnung (nur in der Schweiz erh\u00e4ltlich bis CHF 700.-)<\/li>\n<\/ul>\n<div><strong>Bei Zahlung per Rechnung gilt eine 10 t\u00e4gige Zahlungsfrist ab Bestelldatum<\/strong>. Wird die Rechnung nicht fristgerecht beglichen, wird die <em>Celura <\/em> in jedem Fall die Kundschaft Mahnen und falls n\u00f6tig Betreiben! Die anfallenden Mahngeb\u00fchren hat der Kunde zu tragen.<\/div>\n<div><\/div>\n<p>Der Kunde erkl\u00e4rt sich damit einverstanden, dass <em>Celura <\/em> den f\u00fcr die Bonit\u00e4tspr\u00fcfung des Kunden sowie f\u00fcr das Inkasso des Kaufpreises beigezogenen Dritten (insbesondere der Wirtschaftsauskunftei CRIF AG, Z\u00fcrich, oder einem mit dieser verbundenen Unternehmen) jederzeit Zugriff auf seine aus der gesch\u00e4ftlichen Beziehung stammenden personenbezogenen Daten unter Einschluss aller Zahlungserfahrungen aus dem Bestellvorgang gew\u00e4hrt. Der Kunde ist berechtigt, seine vorstehende Zustimmung jederzeit schriftlich zu widerrufen.<\/p>\n<h3>5.2 Kosten bei Zahlungsverzug<\/h3>\n<p>\u201e Bearbeitungsgeb\u00fchr (fr\u00fchestens ab Tag 70 nach Rechnungsdatum, bei \u00dcbergabe an Inkassodienstleister) abh\u00e4ngig von der Forderungsh\u00f6he, Maximalbetrag in CHF: 50 (bis 20); 70 (bis 50); 100 (bis 100); 120 (bis 150); 149 (bis 250); 195 (bis 500); 308 (bis 1\u2018500); 448 (bis 3\u2018000); 1\u2018100 (bis 10\u2018000); 1\u2018510 (bis 20\u2018000); 2\u2018658 (bis 50\u2018000); 6% der Forderung (ab 50\u2018000).\u201c<\/p>\n<h3>6. Lieferung<\/h3>\n<p>Die Lieferung erfolgt normalerweise mit der Schweizerischen Post. Der Lieferdienst kann jedoch mit einem gleichwertigen oder schnelleren Versanddienst (z.B. DPD oder DHL) ersetzt werden. Die Lieferungskosten sind vom Gesamtgewicht ihrer Bestellung abh\u00e4ngig und werden im Warenkorb beim Bestellvorgang angezeigt. Der Versand der Ware erfolgt innerhalb von 3-4 Werktagen. Bei grossen Mengen oder das Produkt nicht mehr an Lager ist kann sich die Lieferfrist bis zu 4 Wochen verl\u00e4ngern! Bei s\u00e4mtlichen Lieferungen und auch der Selbstabholung geht die Gefahr auf den Kunden \u00fcber, sobald die Ware versandbereit bzw. dem Transporteur oder dem Selbstabholer \u00fcbergeben worden ist. Jegliche Haftung f\u00fcr Transportsch\u00e4den wird abgelehnt.<\/p>\n<h3>7. Eigentumsvorbehalt<\/h3>\n<p>Bis zur vollst\u00e4ndigen Begleichung aller gegen den Kunden bestehenden Anspr\u00fcche verbleibt die gelieferte Ware im Eigentum von <em>Celura. <\/em><\/p>\n<h3>8.1 Widerrufsrecht<\/h3>\n<p>Der Kunde hat das Recht, die Ware innert 10 Tagen nach Erhalt zur\u00fcckzugeben. Das Widerrufsrecht kann nur rechtswirksam ausge\u00fcbt werden, wenn die Ware unbenutzt, unbesch\u00e4digt, vollst\u00e4ndig und in unge\u00f6ffneter Originalverpackung zur\u00fcckgesandt wird. Nach Erhalt der im beschriebenen Zustand zur\u00fcckgesandten Ware, verg\u00fctet die Firma <em>Celura <\/em> dem Kunden den Warenwert zur\u00fcck. In keinem Fall werden Produkte, die speziell f\u00fcr den Kunden bestellt, angefertigt, verarbeitet oder eingebaut worden sind, zur\u00fcckgenommen. Bei Produkten, die zul\u00e4ssigerweise innerhalb von 10 Tagen nach der Lieferung retourniert werden, wird eine Umtriebsentsch\u00e4digung von 10% des verrechneten Preises (mindestens jedoch CHF 20.\u2013) von der Gutschrift abgezogen.<\/p>\n<h3>8.2 R\u00fccksendungen<\/h3>\n<p>Die Ware ist auf Kosten sowie Nutzen und Gefahr des Kunden an folgende Adresse zur\u00fcckzusenden:<\/p>\n<p><strong>Celura AG<\/strong><br \/>\n<strong>Service Center<\/strong><br \/>\n<strong>Postfach 288<\/strong><br \/>\n<strong>5430 Wettingen<\/strong><\/p>\n<p>Bereits entstandene Versandkosten k\u00f6nnen nicht zur\u00fcckerstattet werden.<\/p>\n<h3>9. Gew\u00e4hrsleistung<\/h3>\n<p>Celura garantiert, die Ware in einwandfreier Qualit\u00e4t zu liefern. Sollten trotzdem M\u00e4ngel an der gelieferten Ware vorhanden sein, hat der Kunde die Pflicht, innert 10 Tagen nach Lieferung die M\u00e4ngel schriftlich zu melden. Nach R\u00fccksendung der mangelhaften Ware erh\u00e4lt der Kunde eine Ersatzlieferung. Ist keine Ersatzlieferung m\u00f6glich, erstattet die Firma Celura die geleistete Zahlung. Dar\u00fcber hinaus ist jeder Anspruch auf Minderung, Wandelung oder Schadenersatz f\u00fcr Mangelfolgesch\u00e4den, soweit gesetzlich zul\u00e4ssig, ausgeschlossen.<\/p>\n<h3>10. Datenschutz<\/h3>\n<p>S\u00e4mtliche vom Besteller get\u00e4tigten Angaben \u00fcber seine Person werden streng vertraulich behandelt und nur von der Firma Celura selbst genutzt.<\/p>\n<h3>11. Datensicherheit<\/h3>\n<p>Es wird eine geeignete Sicherheitstechnologie eingesetzt, um die Kundendaten gegen unbefugtes Bearbeiten zu sch\u00fctzen. F\u00fcr die Sicherheit der im Internet \u00fcbermittelten Daten kann jedoch keine Haftung \u00fcbernommen werden. Die \u00dcbermittlung der Daten erfolgt unverschl\u00fcsselt.<\/p>\n<h3>12. Recht und Gerichtstand<\/h3>\n<p>S\u00e4mtliche \u00fcber die Homepage der Firma Celura geschlossenen Vertr\u00e4ge unterstehen dem Schweizerischen Recht. Bei Bestellung durch Privatpersonen f\u00fcr den privaten Gebrauch richtet sich der Gerichtstand nach dem Gerichtstandsgesetz. In allen \u00fcbrigen F\u00e4llen ist Zug ausschliesslicher Gerichtstand.<\/p>\n<p>Zug, 15.11.2017<\/p>\n<\/div>\n<\/div>\n<div class=\"cleared\"><\/div>\n<div class=\"cleared\"><em>Ende der Allgemeinen Gesch\u00e4ftsbedingungen<\/em><\/div>\n<\/div>\n<\/div>\n<\/div>\n<\/div>\n<div class=\"woocommerce woocommerce-gzd woocommerce-gzd-complaints-shortcode\">\n<h3>Alternative Streitbeilegung gem\u00e4\u00df Art. 14 Abs. 1 ODR-VO und \u00a7 36 VSBG:<\/h3>\n<p>Die Europ\u00e4ische Kommission stellt eine Plattform zur Online-Streitbeilegung (OS) bereit, die du unter <a href=\"https:\/\/ec.europa.eu\/consumers\/odr\" target=\"_blank\" rel=\"noopener noreferrer\">https:\/\/ec.europa.eu\/consumers\/odr<\/a> findest. Zur Teilnahme an einem Streitbeilegungsverfahren vor einer Verbraucherschlichtungsstelle sind wir nicht verpflichtet und nicht bereit.<\/p>\n<\/div>\n<\/div>\n<\/div>\n<\/section>\n<\/div>\n<\/div>\n<\/div>\n<\/div>\n<\/section>\n<\/div>\n<\/div>\n<\/div><\/section><\/div>\n","protected":false},"excerpt":{"rendered":"","protected":false},"author":1,"featured_media":0,"parent":0,"menu_order":0,"comment_status":"closed","ping_status":"closed","template":"","meta":{"footnotes":""},"class_list":["post-25","page","type-page","status-publish","hentry"],"_links":{"self":[{"href":"https:\/\/lilisol2.mycolligo.com\/index.php?rest_route=\/wp\/v2\/pages\/25","targetHints":{"allow":["GET"]}}],"collection":[{"href":"https:\/\/lilisol2.mycolligo.com\/index.php?rest_route=\/wp\/v2\/pages"}],"about":[{"href":"https:\/\/lilisol2.mycolligo.com\/index.php?rest_route=\/wp\/v2\/types\/page"}],"author":[{"embeddable":true,"href":"https:\/\/lilisol2.mycolligo.com\/index.php?rest_route=\/wp\/v2\/users\/1"}],"replies":[{"embeddable":true,"href":"https:\/\/lilisol2.mycolligo.com\/index.php?rest_route=%2Fwp%2Fv2%2Fcomments&post=25"}],"version-history":[{"count":1,"href":"https:\/\/lilisol2.mycolligo.com\/index.php?rest_route=\/wp\/v2\/pages\/25\/revisions"}],"predecessor-version":[{"id":26,"href":"https:\/\/lilisol2.mycolligo.com\/index.php?rest_route=\/wp\/v2\/pages\/25\/revisions\/26"}],"wp:attachment":[{"href":"https:\/\/lilisol2.mycolligo.com\/index.php?rest_route=%2Fwp%2Fv2%2Fmedia&parent=25"}],"curies":[{"name":"wp","href":"https:\/\/api.w.org\/{rel}","templated":true}]}}